{"id":5,"date":"2006-11-20T14:52:38","date_gmt":"2006-11-20T13:52:38","guid":{"rendered":"http:\/\/www.pressefoto-fulda.de\/SN\/?page_id=5"},"modified":"2017-07-13T21:23:07","modified_gmt":"2017-07-13T19:23:07","slug":"impressum","status":"publish","type":"page","link":"https:\/\/www.fuldaernachrichten.de\/?page_id=5","title":{"rendered":"Impressum \/ AGBs"},"content":{"rendered":"<p><strong>Urheberrecht:<\/strong><\/p>\n<p>\u00c2\u00a9 Copyright Fuldaer Nachrichten &#8211; Max Colin Heydenreich. Alle Rechte vorbehalten. Alle Inhalte, das Layout und die Struktur der Webseite, die Gestaltung der Texte, Bilder, Graphiken, Ton-, Video- und Animationsdateien sowie ihre Arrangements unterliegen dem Urheberrecht und anderen Gesetzen zum Schutz geistigen Eigentums. Sie d\u00fcrfen weder f\u00fcr Handelszwecke oder zur Weitergabe kopiert, noch ver\u00e4ndert und auf anderen Web-Sites verwendet werden. Eine Vervielf\u00e4ltigung aller Seiten oder ihrer Inhalte bedarf der vorherigen schriftlichen Zustimmung von Fuldaer Nachrichten &#8211; Max Colin Heydenreich.<\/p>\n<p><strong>Nutzungs- und Ver\u00f6ffentlichungsrecht:<\/strong><\/p>\n<p>Mit dem Zusenden eines Textes und dazugeh\u00f6rigem Bildmaterial per E-Mail oder Post erkl\u00e4ren Sie sich damit einverstanden, dass wir den Inhalt unentgeltlich ohne Quellenangabe zeitlich unbeschr\u00e4nkt sofort nach Erhalt ver\u00f6ffentlichen. F\u00fcr den Inhalt der zugesendeten Daten ist der Absender verantwortlich. Fuldaer Nachrichten ist nicht verpflichtet, Korrekturen zu machen, auch wenn diese offensichtlich sind. Bei mitgelieferten Fotos und Videos besteht keine Verantwortungs\u00fcbernahme f\u00fcr Pers\u00f6nlichkeitsrechte. Diese sind mit dem Urheber oder dem Absender zu kl\u00e4ren.<\/p>\n<p><strong>Redaktionsanschrift:<\/strong><\/p>\n<p>Max Colin Heydenreich<br \/>\nBalthasarstra\u00dfe 27<br \/>\n50670 K\u00f6ln<br \/>\nTelefon: 0151-50450411<br \/>\neMail: <a href=\"mailto:redaktion@schoene-nachrichten.de\">redaktion@fuldaer-nachrichten.de<\/a><\/p>\n<p><strong>Fotografien:<\/strong><\/p>\n<p>Alle hier angebotenen Fotos unterliegen dem deutschen, US-amerikanischen und internationalen Urheberrecht. Durch den Erwerb der Bilddateien bekommen Sie ausschlie\u00dflich das Nutzungsrecht f\u00fcr den privaten Gebrauch. Eine Weitergabe oder Weiterverkauf an Dritte ist strengstens untersagt und bedarf der Genehmigung durch Fuldaer Nachrichten &#8211; Max Colin Heydenreich. Sollten Sie die Bilddateien f\u00fcr eine gewerbliche oder redaktionelle Nutzung ben\u00f6tigen, dann senden Sie bitte eine Email an <a href=\"mailto:redaktion@fuldaer-nachrichten.de\">redaktion@fuldaer-nachrichten.de<\/a> . Wir behalten uns vor, bei Verst\u00f6\u00dfen gegen das Urheberrecht (Copyright) alle Rechtsmittel anzuwenden. Soweit gesetzlich zul\u00e4ssig gilt als Gerichtsstand und Erf\u00fcllungsort K\u00f6ln, Deutschland.<\/p>\n<p><strong>Haftung:<\/strong><\/p>\n<p>Die Informationen und Angaben auf diesen Seiten stellen keine Zusicherung oder Garantie dar, sei sie ausdr\u00fccklich oder stillschweigend. Sie stellen insbesondere keine stillschweigende Zusage oder Garantie betreffend die Beschaffenheit, die Handelsf\u00e4higkeit, die Eignung f\u00fcr bestimmt Zwecke oder den Nichtversto\u00df gegen Gesetze und Patente dar.<\/p>\n<p><strong>Links:<\/strong><\/p>\n<p>Mit Urteil vom 12. Mai 1998 \u2013 312 O 85\/98 \u2013 \u201eHaftung f\u00fcr Links\u201c hat das Landgericht (LG) Hamburg entschieden, dass man durch die Anbringung eines Links, die Inhalte der gelinkten Seite ggf. mit zu verantworten hat. Dies kann \u2013 so das LG \u2013 nur dadurch verhindert werden, dass man sich ausdr\u00fccklich von diesen Inhalten distanziert. Hiermit distanzieren wir uns ausdr\u00fccklich von allen Inhalten aller gelinkten Seiten auf unserer Homepage. Wir m\u00f6chten Sie darauf hinweisen, dass wir keinen Einfluss auf die Gestaltung und den Inhalt der Seiten haben, auf die verlinkt wird. Wir k\u00f6nnen daher auch keine Gew\u00e4hr f\u00fcr die Aktualit\u00e4t, Korrektheit, Vollst\u00e4ndigkeit oder Qualit\u00e4t der dort bereitgestellten Informationen \u00fcbernehmen. Diese Erkl\u00e4rung gilt f\u00fcr alle auf unserer Homepage angebrachten Links. Das Urteil kann nachgelesen werden unter: <a href=\"http:\/\/www.online-recht.de\/\">http:\/\/www.online-recht.de\/<\/a><\/p>\n<p><strong>Datenschutz:<\/strong><\/p>\n<p><a href=\"http:\/\/www.fuldaer-nachrichten.de\/\">http:\/\/www.fuldaer-nachrichten.de\/<\/a> freut sich \u00fcber Ihren Besuch auf unserer Website sowie \u00fcber Ihr Interesse an unserem Unternehmen und unseren Produkten. Wir nehmen den Schutz Ihrer privaten Daten ernst und wir m\u00f6chten, dass Sie sich beim Besuch unserer Internetseiten wohl f\u00fchlen. Der Schutz Ihrer Privatsph\u00e4re bei der Verarbeitung pers\u00f6nlicher Daten ist f\u00fcr uns ein wichtiges Anliegen. Wir verarbeiten pers\u00f6nliche Daten, die beim Besuch unserer Webseiten erhoben werden, gem\u00e4\u00df den datenschutzrechtlichen Bestimmungen des Landes, in dem die f\u00fcr die Datenverarbeitung verantwortliche Stelle sitzt. <a href=\"http:\/\/www.fuldaer-nachrichten.de\/\">http:\/\/www.fuldaer-nachrichten.de\/<\/a> kann Links zu Webseiten anderer Anbieter enthalten, auf die sich diese Datenschutzerkl\u00e4rung nicht erstreckt.<\/p>\n<p><strong>Erhebung und Verarbeitung pers\u00f6nlicher Daten:<\/strong><\/p>\n<p>Wenn Sie unsere Webseiten besuchen, speichern unsere Webserver standardm\u00e4\u00dfig die IP-Adresse Ihres Internet Service Providers, den Namen Ihres Internet Service Providers, die Webseite, von der aus Sie uns besuchen, die Webseite, die Sie bei uns besuchen, sowie das Datum und die Dauer des Besuches. Dar\u00fcber hinaus werden pers\u00f6nliche Daten nur dann gespeichert, wenn Sie uns diese von sich aus, z.B. im Rahmen einer Registrierung oder einer Umfrage angeben. Eine Weitergabe an Dritte, auch in Ausz\u00fcgen, findet nicht statt. Eine personalisierte Auswertung dieser Daten erfolgt nicht.<\/p>\n<p><strong>Cookies:<\/strong><\/p>\n<p><a href=\"http:\/\/www.fuldaer-nachrichten.de\/\">http:\/\/www.fuldaer-nachrichten.de<\/a> verwendet Cookies. Cookies sind kleine Dateien, die tempor\u00e4r auf Ihrer Festplatte abgelegt werden. Dies erm\u00f6glicht eine Erleichterung der Navigation und ein hohes Ma\u00df an Benutzerfreundlichkeit einer Website. Cookies erm\u00f6glichen es, Ihren Computer zu identifizieren, nicht aber den Bezug zu einer Person herzustellen.<\/p>\n<p><strong>Technische Betreuung:<\/strong><\/p>\n<p>Max Colin Heydenreich<br \/>\nBalthasarstra\u00dfe 27<br \/>\n50670 K\u00f6ln<br \/>\nTelefon: 0151-50450411<\/p>\n","protected":false},"excerpt":{"rendered":"<div class=\"tmnf_excerpt\"><p>Urheberrecht: \u00c2\u00a9 Copyright Fuldaer Nachrichten &#8211; Max Colin Heydenreich. Alle Rechte vorbehalten. Alle Inhalte, das Layout und die Struktur der Webseite, die Gestaltung der Texte, Bilder, Graphiken, Ton-, Video- und Animationsdateien sowie ihre Arrangements unterliegen dem Urheberrecht und anderen Gesetzen zum Schutz geistigen Eigentums. Sie d\u00fcrfen weder f\u00fcr Handelszwecke oder zur Weitergabe kopiert, noch ver\u00e4ndert &hellip;<\/p>\n<\/div>","protected":false},"author":1,"featured_media":0,"parent":0,"menu_order":5,"comment_status":"closed","ping_status":"closed","template":"","meta":{"footnotes":""},"class_list":["post-5","page","type-page","status-publish","hentry"],"_links":{"self":[{"href":"https:\/\/www.fuldaernachrichten.de\/index.php?rest_route=\/wp\/v2\/pages\/5","targetHints":{"allow":["GET"]}}],"collection":[{"href":"https:\/\/www.fuldaernachrichten.de\/index.php?rest_route=\/wp\/v2\/pages"}],"about":[{"href":"https:\/\/www.fuldaernachrichten.de\/index.php?rest_route=\/wp\/v2\/types\/page"}],"author":[{"embeddable":true,"href":"https:\/\/www.fuldaernachrichten.de\/index.php?rest_route=\/wp\/v2\/users\/1"}],"replies":[{"embeddable":true,"href":"https:\/\/www.fuldaernachrichten.de\/index.php?rest_route=%2Fwp%2Fv2%2Fcomments&post=5"}],"version-history":[{"count":31,"href":"https:\/\/www.fuldaernachrichten.de\/index.php?rest_route=\/wp\/v2\/pages\/5\/revisions"}],"predecessor-version":[{"id":165413,"href":"https:\/\/www.fuldaernachrichten.de\/index.php?rest_route=\/wp\/v2\/pages\/5\/revisions\/165413"}],"wp:attachment":[{"href":"https:\/\/www.fuldaernachrichten.de\/index.php?rest_route=%2Fwp%2Fv2%2Fmedia&parent=5"}],"curies":[{"name":"wp","href":"https:\/\/api.w.org\/{rel}","templated":true}]}}